{"id":3111,"date":"2019-10-10T14:39:36","date_gmt":"2019-10-10T14:39:36","guid":{"rendered":"https:\/\/www.generalcarcase.com\/condizioni-di-vendita\/"},"modified":"2020-05-26T09:53:00","modified_gmt":"2020-05-26T09:53:00","slug":"condizioni-di-vendita","status":"publish","type":"page","link":"https:\/\/www.generalcarcase.com\/en\/condizioni-di-vendita\/","title":{"rendered":"Condizioni di vendita"},"content":{"rendered":"<div class=\"bt_bb_wrapper\"><section id=\"bt_section69fb982125d04\"  class=\"boldSection bottomSpaced gutter inherit\" style=\"border-top: 50px solid #fee258;\"><div class=\"port\"><div class=\"boldCell\"><div class=\"boldCellInner\"><div class=\"boldRow \" ><div class=\"boldRowInner\"><div class=\"rowItem col-md-12 col-ms-12  btTextLeft\"  data-width=\"12\"><div class=\"rowItemContent\" ><div class=\"btClear btSeparator topSemiSpaced noBorder\" ><hr><\/div><div class=\"btText\" ><h1 style=\"text-align: center; font-size: 54px;\">Condizioni di vendita<\/h1>\n<h6 style=\"text-align: center;\"><strong><em>Informativa sul diritto di recesso<\/em><\/strong><\/h6>\n<p>Gli acquisti sul sito www.generalcarcase.com sono soggetti alla disciplina del D.Lgs. 206\/05, che vi garantisce il diritto di recedere, per qualsiasi motivo, dal contratto d&#8217;acquisto.<\/p>\n<p><strong>Condizioni del diritto di recesso<\/strong><br \/>\n&#8211; il bene acquistato dovr\u00e0 essere sostanzialmente integro<br \/>\n&#8211; le spese di spedizione saranno a carico del cliente<br \/>\n&#8211; una volta restituita, la merce sar\u00e0 esaminata per valutare eventuali danni o manomissioni (la sostanziale integrit\u00e0 del bene restituito \u00e8 condizione essenziale per l&#8217;esercizio del diritto di recesso) pertanto ci raccomandiamo la massima attenzione nel preparare il pacco, ad esempio utilizzando gli imballi originali<br \/>\n&#8211; per esercitare tale diritto dovrete inviarci una comunicazione entro 10 giorni dalla data di ricevimento della merce ordinata e restituirci la merce stessa entro ulteriori 15 giorni<\/p>\n<p><strong>Procedura da seguire<\/strong><br \/>\nInviare una e-mail a <a href=\"mailto:info@pianalichallenger.it\">info@generalcarcase.com<\/a> contenente la dichiarazione di voler esercitare il diritto di recesso, indicando i seguenti dati:<br \/>\n&#8211; numero d&#8217;ordine e data ordine<br \/>\n&#8211; numero fattura (se emessa)<br \/>\n&#8211; quali prodotti sono oggetto di recesso<br \/>\n&#8211; le proprie coordinate bancarie (codice IBAN)<br \/>\nSuccessivamente dovete attendere una comunicazione da parte nostra che autorizzi il rientro.<br \/>\nRicevuta tale comunicazione dovete rispedire la merce oggetto di rientro entro ulteriori 15 giorni a<\/p>\n<p>GENERAL CAR CASE DI COMELLI GIULIO, VIA GARDESANA, 80 &#8211; 25086 REZZATO (BS)<\/p>\n<p><strong>Tempi di rimborso<\/strong><br \/>\nGeneralcarcase si impegna a rimborsare il Cliente entro 14 giorni lavorativi dal ricevimento della merce, provvedendo ad effettuare l&#8217;accredito al Cliente dell&#8217;importo corrispondente al valore della merce risultante dalla fattura. Nel suddetto importo non sono comprese le spese di spedizione. Ci\u00f2 in conformit\u00e0 all&#8217;art. 5, comma 6, D.Lgs n. 185 del 22\/05\/1999.<\/p>\n<\/div><\/div><\/div><\/div><\/div><\/div><\/div><\/div><\/section><\/div>","protected":false},"excerpt":{"rendered":"","protected":false},"author":1,"featured_media":0,"parent":0,"menu_order":0,"comment_status":"closed","ping_status":"closed","template":"","meta":[],"yoast_head":"<!-- This site is optimized with the Yoast SEO plugin v17.1 - https:\/\/yoast.com\/wordpress\/plugins\/seo\/ -->\n<title>Condizioni di vendita | Recesso acquisto - General Car Case<\/title>\n<meta name=\"description\" content=\"Condizioni di vendita: gli acquisti su questo sito sono soggetti alla disciplina del D.Lgs. 206\/05, che garantisce il recesso dal contratto d\u2019acquisto.\" \/>\n<meta name=\"robots\" content=\"index, follow, max-snippet:-1, max-image-preview:large, max-video-preview:-1\" \/>\n<link rel=\"canonical\" href=\"https:\/\/www.generalcarcase.com\/en\/condizioni-di-vendita\/\" \/>\n<meta property=\"og:locale\" content=\"en_US\" \/>\n<meta property=\"og:type\" content=\"article\" \/>\n<meta property=\"og:title\" content=\"Condizioni di vendita | Recesso acquisto - General Car Case\" \/>\n<meta property=\"og:description\" content=\"Condizioni di vendita: gli acquisti su questo sito sono soggetti alla disciplina del D.Lgs. 206\/05, che garantisce il recesso dal contratto d\u2019acquisto.\" \/>\n<meta property=\"og:url\" content=\"https:\/\/www.generalcarcase.com\/en\/condizioni-di-vendita\/\" \/>\n<meta property=\"og:site_name\" content=\"General car case\" \/>\n<meta property=\"article:modified_time\" content=\"2020-05-26T09:53:00+00:00\" \/>\n<meta name=\"twitter:card\" content=\"summary_large_image\" \/>\n<meta name=\"twitter:label1\" content=\"Est. reading time\" \/>\n\t<meta name=\"twitter:data1\" content=\"2 minutes\" \/>\n<script type=\"application\/ld+json\" class=\"yoast-schema-graph\">{\"@context\":\"https:\/\/schema.org\",\"@graph\":[{\"@type\":\"Organization\",\"@id\":\"https:\/\/www.generalcarcase.com\/#organization\",\"name\":\"General Car Case\",\"url\":\"https:\/\/www.generalcarcase.com\/\",\"sameAs\":[],\"logo\":{\"@type\":\"ImageObject\",\"@id\":\"https:\/\/www.generalcarcase.com\/#logo\",\"inLanguage\":\"en-US\",\"url\":\"\",\"contentUrl\":\"\",\"caption\":\"General Car Case\"},\"image\":{\"@id\":\"https:\/\/www.generalcarcase.com\/#logo\"}},{\"@type\":\"WebSite\",\"@id\":\"https:\/\/www.generalcarcase.com\/#website\",\"url\":\"https:\/\/www.generalcarcase.com\/\",\"name\":\"General car case\",\"description\":\"\",\"publisher\":{\"@id\":\"https:\/\/www.generalcarcase.com\/#organization\"},\"potentialAction\":[{\"@type\":\"SearchAction\",\"target\":{\"@type\":\"EntryPoint\",\"urlTemplate\":\"https:\/\/www.generalcarcase.com\/?s={search_term_string}\"},\"query-input\":\"required name=search_term_string\"}],\"inLanguage\":\"en-US\"},{\"@type\":\"WebPage\",\"@id\":\"https:\/\/www.generalcarcase.com\/en\/condizioni-di-vendita\/#webpage\",\"url\":\"https:\/\/www.generalcarcase.com\/en\/condizioni-di-vendita\/\",\"name\":\"Condizioni di vendita | Recesso acquisto - General Car Case\",\"isPartOf\":{\"@id\":\"https:\/\/www.generalcarcase.com\/#website\"},\"datePublished\":\"2019-10-10T14:39:36+00:00\",\"dateModified\":\"2020-05-26T09:53:00+00:00\",\"description\":\"Condizioni di vendita: gli acquisti su questo sito sono soggetti alla disciplina del D.Lgs. 206\/05, che garantisce il recesso dal contratto d\\u2019acquisto.\",\"breadcrumb\":{\"@id\":\"https:\/\/www.generalcarcase.com\/en\/condizioni-di-vendita\/#breadcrumb\"},\"inLanguage\":\"en-US\",\"potentialAction\":[{\"@type\":\"ReadAction\",\"target\":[\"https:\/\/www.generalcarcase.com\/en\/condizioni-di-vendita\/\"]}]},{\"@type\":\"BreadcrumbList\",\"@id\":\"https:\/\/www.generalcarcase.com\/en\/condizioni-di-vendita\/#breadcrumb\",\"itemListElement\":[{\"@type\":\"ListItem\",\"position\":1,\"name\":\"Home\",\"item\":\"https:\/\/www.generalcarcase.com\/en\/\"},{\"@type\":\"ListItem\",\"position\":2,\"name\":\"Condizioni di vendita\"}]}]}<\/script>\n<!-- \/ Yoast SEO plugin. -->","yoast_head_json":{"title":"Condizioni di vendita | Recesso acquisto - General Car Case","description":"Condizioni di vendita: gli acquisti su questo sito sono soggetti alla disciplina del D.Lgs. 206\/05, che garantisce il recesso dal contratto d\u2019acquisto.","robots":{"index":"index","follow":"follow","max-snippet":"max-snippet:-1","max-image-preview":"max-image-preview:large","max-video-preview":"max-video-preview:-1"},"canonical":"https:\/\/www.generalcarcase.com\/en\/condizioni-di-vendita\/","og_locale":"en_US","og_type":"article","og_title":"Condizioni di vendita | Recesso acquisto - General Car Case","og_description":"Condizioni di vendita: gli acquisti su questo sito sono soggetti alla disciplina del D.Lgs. 206\/05, che garantisce il recesso dal contratto d\u2019acquisto.","og_url":"https:\/\/www.generalcarcase.com\/en\/condizioni-di-vendita\/","og_site_name":"General car case","article_modified_time":"2020-05-26T09:53:00+00:00","twitter_card":"summary_large_image","twitter_misc":{"Est. reading time":"2 minutes"},"schema":{"@context":"https:\/\/schema.org","@graph":[{"@type":"Organization","@id":"https:\/\/www.generalcarcase.com\/#organization","name":"General Car Case","url":"https:\/\/www.generalcarcase.com\/","sameAs":[],"logo":{"@type":"ImageObject","@id":"https:\/\/www.generalcarcase.com\/#logo","inLanguage":"en-US","url":"","contentUrl":"","caption":"General Car Case"},"image":{"@id":"https:\/\/www.generalcarcase.com\/#logo"}},{"@type":"WebSite","@id":"https:\/\/www.generalcarcase.com\/#website","url":"https:\/\/www.generalcarcase.com\/","name":"General car case","description":"","publisher":{"@id":"https:\/\/www.generalcarcase.com\/#organization"},"potentialAction":[{"@type":"SearchAction","target":{"@type":"EntryPoint","urlTemplate":"https:\/\/www.generalcarcase.com\/?s={search_term_string}"},"query-input":"required name=search_term_string"}],"inLanguage":"en-US"},{"@type":"WebPage","@id":"https:\/\/www.generalcarcase.com\/en\/condizioni-di-vendita\/#webpage","url":"https:\/\/www.generalcarcase.com\/en\/condizioni-di-vendita\/","name":"Condizioni di vendita | Recesso acquisto - General Car Case","isPartOf":{"@id":"https:\/\/www.generalcarcase.com\/#website"},"datePublished":"2019-10-10T14:39:36+00:00","dateModified":"2020-05-26T09:53:00+00:00","description":"Condizioni di vendita: gli acquisti su questo sito sono soggetti alla disciplina del D.Lgs. 206\/05, che garantisce il recesso dal contratto d\u2019acquisto.","breadcrumb":{"@id":"https:\/\/www.generalcarcase.com\/en\/condizioni-di-vendita\/#breadcrumb"},"inLanguage":"en-US","potentialAction":[{"@type":"ReadAction","target":["https:\/\/www.generalcarcase.com\/en\/condizioni-di-vendita\/"]}]},{"@type":"BreadcrumbList","@id":"https:\/\/www.generalcarcase.com\/en\/condizioni-di-vendita\/#breadcrumb","itemListElement":[{"@type":"ListItem","position":1,"name":"Home","item":"https:\/\/www.generalcarcase.com\/en\/"},{"@type":"ListItem","position":2,"name":"Condizioni di vendita"}]}]}},"_links":{"self":[{"href":"https:\/\/www.generalcarcase.com\/en\/wp-json\/wp\/v2\/pages\/3111"}],"collection":[{"href":"https:\/\/www.generalcarcase.com\/en\/wp-json\/wp\/v2\/pages"}],"about":[{"href":"https:\/\/www.generalcarcase.com\/en\/wp-json\/wp\/v2\/types\/page"}],"author":[{"embeddable":true,"href":"https:\/\/www.generalcarcase.com\/en\/wp-json\/wp\/v2\/users\/1"}],"replies":[{"embeddable":true,"href":"https:\/\/www.generalcarcase.com\/en\/wp-json\/wp\/v2\/comments?post=3111"}],"version-history":[{"count":1,"href":"https:\/\/www.generalcarcase.com\/en\/wp-json\/wp\/v2\/pages\/3111\/revisions"}],"predecessor-version":[{"id":3112,"href":"https:\/\/www.generalcarcase.com\/en\/wp-json\/wp\/v2\/pages\/3111\/revisions\/3112"}],"wp:attachment":[{"href":"https:\/\/www.generalcarcase.com\/en\/wp-json\/wp\/v2\/media?parent=3111"}],"curies":[{"name":"wp","href":"https:\/\/api.w.org\/{rel}","templated":true}]}}