{"id":3069,"date":"2019-10-10T14:45:32","date_gmt":"2019-10-10T14:45:32","guid":{"rendered":"https:\/\/www.generalcarcase.com\/?page_id=3069"},"modified":"2020-05-26T12:39:04","modified_gmt":"2020-05-26T12:39:04","slug":"haeufig-gestellte-fragen","status":"publish","type":"page","link":"https:\/\/www.generalcarcase.com\/de\/haeufig-gestellte-fragen\/","title":{"rendered":"H\u00e4ufig gestellte Fragen"},"content":{"rendered":"<div class=\"bt_bb_wrapper\"><section id=\"bt_section69fb89370325c\" data-parallax=\"0.1\" data-parallax-offset=\"0\" class=\"boldSection gutter inherit btParallax\" style=\"border-top: 50px solid #fee258;\"><div class=\"port\"><div class=\"boldCell\"><div class=\"boldCellInner\"><div class=\"boldRow \" ><div class=\"boldRowInner\"><div class=\"rowItem col-md-12 col-ms-12  btTextLeft btMiddleVertical\"  data-width=\"12\"><div class=\"rowItemContent\" ><div class=\"btClear btSeparator topSemiSpaced noBorder\" ><hr><\/div><header class=\"header btClear extralarge btDash topDash uso\" style=\"text-align:center;\"><div class=\"dash\"><h1><span class=\"headline\"><b class=\"animate\">H\u00e4ufig gestellte Fragen<\/b><\/span><\/h1><\/div><\/header><\/div><\/div><\/div><\/div><\/div><\/div><\/div><\/section><section id=\"skills\"  class=\"boldSection topSemiSpaced bottomSemiSpaced gutter inherit\" ><div class=\"port\"><div class=\"boldCell\"><div class=\"boldCellInner\"><div class=\"boldRow \" ><div class=\"boldRowInner\"><div class=\"rowItem col-md-8 col-ms-12 btTextLeft inherit\"  data-width=\"8\"><div class=\"rowItemContent\" ><div class=\"btTabs tabsVertical\"><ul class=\"tabsHeader\"><li><span>Kann ich General Car Case f\u00fcr alle Van- oder Automodelle verwenden?<\/span><\/li><li><span>Sind die Ablagefl\u00e4chen von General Car Cases widerstandsf\u00e4hig?<\/span><\/li><li><span>Kann General Car Case selbstst\u00e4ndig installiert werden?<\/span><\/li><li><span>Eignen sie sich nur f\u00fcr Autos und Lieferwagen?<\/span><\/li><li><span>Kann ich direkt ins B\u00fcro kommen? Kannst du es f\u00fcr mich zusammenbauen?<\/span><\/li><\/ul><div class=\"tabPanes accordionPanes\"><div class=\"tabPane\">\r\n\t\t\t<div class=\"tabAccordionTitle\"><span>Kann ich General Car Case f\u00fcr alle Van- oder Automodelle verwenden?<\/span><\/div>\r\n\t\t\t<div class=\"tabAccordionContent\"><div class=\"btText\" ><p>Nat\u00fcrlich! Unsere General Car Case-Ablage- bzw.Transportfl\u00e4chen sind aufgrund ihres innovativen modularen Aufbaus universell einsetzbar.<\/p>\n<p>Die Ablagefl\u00e4chen bestehen aus praktischen Fliesen, die schnell zusammengebaut werden und die Montage an die Abmessungen jedes Autos oder Lieferwagens angepasst werden kann.<\/p>\n<\/div><div class=\"btClear btSeparator topMediumSpaced noBorder\" ><hr><\/div><\/div>\r\n\t\t<\/div><div class=\"tabPane\">\r\n\t\t\t<div class=\"tabAccordionTitle\"><span>Sind die Ablagefl\u00e4chen von General Car Cases widerstandsf\u00e4hig?<\/span><\/div>\r\n\t\t\t<div class=\"tabAccordionContent\"><div class=\"btText\" ><p>Die General Car Case-Ablagefl\u00e4chen garantieren Funktionalit\u00e4t, Leichtigkeit und hohe Widerstandsf\u00e4higkeit. Sie halten einer statischen Belastung von 3000 kg \/ m2 stand.<\/p>\n<p>Die innovative modulare Struktur ist auch im Vergleich zu herk\u00f6mmlichen Einzelblock-Ablagefl\u00e4chen sehr praktisch. Im Handumdrehen k\u00f6nnen jederzeit einzelne Fliesen hinzugef\u00fcgt, entfernt oder ersetzt werden.<\/p>\n<\/div><div class=\"btClear btSeparator topSmallSpaced noBorder\" ><hr><\/div><\/div>\r\n\t\t<\/div><div class=\"tabPane\">\r\n\t\t\t<div class=\"tabAccordionTitle\"><span>Kann General Car Case selbstst\u00e4ndig installiert werden?<\/span><\/div>\r\n\t\t\t<div class=\"tabAccordionContent\"><div class=\"btText\" ><p>Jeder kann schnell und einfach eine General Car Case-Ablagefl\u00e4che verlegen, ohne einen Tischler oder anderes Fachpersonal hinzuziehen zu m\u00fcssen.<br \/>\nPlatziere die Fliese und dr\u00fccke sie zusammen, ein bisschen wie ein Puzzle &#8230;<\/p>\n<\/div><\/div>\r\n\t\t<\/div><div class=\"tabPane\">\r\n\t\t\t<div class=\"tabAccordionTitle\"><span>Eignen sie sich nur f\u00fcr Autos und Lieferwagen?<\/span><\/div>\r\n\t\t\t<div class=\"tabAccordionContent\"><div class=\"btText\" ><p>Die Verwendung von General Car Case-Ablagefl\u00e4chen beschr\u00e4nkt sich nicht nur auf Pkw\u2019s und Lieferwagen. Sie finden auch in vielen anderen Bereichen Anwendung, wie z.B als praktische und widerstandsf\u00e4hige Fu\u00dfb\u00f6den. So sind sie z.B. in Wohnmobilen, Wohnwagen, Booten, Kinderg\u00e4rten, Werkst\u00e4tten im Einsatz. Die mobilen und repositionierbaren Befestigungswinkel sind in vielen F\u00e4llen sehr bequem: Beispielsweise werden sie in Kinderg\u00e4rten h\u00e4ufig in Kombination mit den General Car Case-Ablagefl\u00e4chen verwendet, um Topfpflanzen zu blockieren und ein Umkippen zu verhindern.<\/p>\n<\/div><\/div>\r\n\t\t<\/div><div class=\"tabPane\">\r\n\t\t\t<div class=\"tabAccordionTitle\"><span>Kann ich direkt ins B\u00fcro kommen? Kannst du es f\u00fcr mich zusammenbauen?<\/span><\/div>\r\n\t\t\t<div class=\"tabAccordionContent\"><div class=\"btText\" ><div class=\"blmn-sheet clearfix\">\n<div class=\"blmn-layout-wrapper clearfix\">\n<div class=\"blmn-content-layout\">\n<div class=\"blmn-content-layout-row\">\n<div class=\"blmn-layout-cell blmn-content clearfix\">\n<div class=\"item-page\">\n<article class=\"blmn-post\">\n<div class=\"blmn-postcontent clearfix\">\n<div class=\"blmn-article\">\n<p>Gerne! Solltest du in der N\u00e4he unseres B\u00fcros wohnen, komm doch einfach vorbei. Du kannst pers\u00f6nlich bezahlen und w\u00e4hrend du bei uns bist, k\u00f6nnen wir auch gleich den Boden f\u00fcr dich zusammenstellen.<\/p>\n<p>Rufe uns aber vorher an, damit du sicher bist uns anzutreffen.<\/p>\n<\/div>\n<\/div>\n<\/article>\n<\/div>\n<\/div>\n<\/div>\n<\/div>\n<\/div>\n<\/div>\n<\/div><\/div>\r\n\t\t<\/div><\/div><\/div><div class=\"btClear btSeparator topSemiSpaced noBorder\" ><hr><\/div><\/div><\/div><div class=\"rowItem col-md-4 col-ms-12 btTextCenter animate animate-fadein btTextIndent btHighlight inherit\"  data-width=\"4\"><div class=\"rowItemContent\" ><div class=\"btClear btSeparator topMediumSpaced noBorder\" ><hr><\/div><div class=\"servicesItem  btIcoAccentColorIcon btIcoLargeSizeIcon \"><div class=\"sIcon\"><span class=\"btIco btIcoLargeSize btIcoDefaultType btIcoAccentColor\"><span  data-ico-s7=\"&#xe6b5;\" class=\"btIcoHolder\"><\/span><\/span><\/div><div class=\"sTxt\"><header class=\"header btClear small btDash dotsDash\" ><div class=\"dash\"><h4><span class=\"headline\">KONTAKTIERE UNS<\/span><\/h4><div class=\"btSubTitle\">F\u00fcr weitere Informationen z\u00f6gere nicht uns zu kontaktieren. Ein Experte wird alle deine Fragen beantworten!<\/div><\/div><\/header><\/div><\/div><div class=\"btClear btSeparator topSmallSpaced noBorder\" ><hr><\/div><a href=\"tel:+393406903970\" class=\"btBtn btBtn btnFilledStyle btnAlternateColor btnMedium btnNormalWidth btnRightPosition btnNoIcon\" ><span class=\"btnInnerText\">Jetzt Anrufen<\/span><\/a><div class=\"btClear btSeparator topMediumSpaced noBorder\" ><hr><\/div><\/div><\/div><\/div><\/div><\/div><\/div><\/div><\/section><\/div>","protected":false},"excerpt":{"rendered":"","protected":false},"author":1,"featured_media":0,"parent":0,"menu_order":0,"comment_status":"closed","ping_status":"closed","template":"","meta":[],"yoast_head":"<!-- This site is optimized with the Yoast SEO plugin v17.1 - https:\/\/yoast.com\/wordpress\/plugins\/seo\/ -->\n<title>Domande Frequenti | FAQ - General Car Case<\/title>\n<meta name=\"description\" content=\"Domande frequenti sui pianali General Car Case, per bloccare la marce su furgoni da lavoro o nella tua automobile personale. Contattaci per informazioni\" \/>\n<meta name=\"robots\" content=\"index, follow, max-snippet:-1, max-image-preview:large, max-video-preview:-1\" \/>\n<link rel=\"canonical\" href=\"https:\/\/www.generalcarcase.com\/de\/haeufig-gestellte-fragen\/\" \/>\n<meta property=\"og:locale\" content=\"de_DE\" \/>\n<meta property=\"og:type\" content=\"article\" \/>\n<meta property=\"og:title\" content=\"Domande Frequenti | FAQ - General Car Case\" \/>\n<meta property=\"og:description\" content=\"Domande frequenti sui pianali General Car Case, per bloccare la marce su furgoni da lavoro o nella tua automobile personale. Contattaci per informazioni\" \/>\n<meta property=\"og:url\" content=\"https:\/\/www.generalcarcase.com\/de\/haeufig-gestellte-fragen\/\" \/>\n<meta property=\"og:site_name\" content=\"General car case\" \/>\n<meta property=\"article:modified_time\" content=\"2020-05-26T12:39:04+00:00\" \/>\n<meta name=\"twitter:card\" content=\"summary_large_image\" \/>\n<meta name=\"twitter:label1\" content=\"Gesch\u00e4tzte Lesezeit\" \/>\n\t<meta name=\"twitter:data1\" content=\"4 Minuten\" \/>\n<script type=\"application\/ld+json\" class=\"yoast-schema-graph\">{\"@context\":\"https:\/\/schema.org\",\"@graph\":[{\"@type\":\"Organization\",\"@id\":\"https:\/\/www.generalcarcase.com\/#organization\",\"name\":\"General Car Case\",\"url\":\"https:\/\/www.generalcarcase.com\/\",\"sameAs\":[],\"logo\":{\"@type\":\"ImageObject\",\"@id\":\"https:\/\/www.generalcarcase.com\/#logo\",\"inLanguage\":\"de-DE\",\"url\":\"\",\"contentUrl\":\"\",\"caption\":\"General Car Case\"},\"image\":{\"@id\":\"https:\/\/www.generalcarcase.com\/#logo\"}},{\"@type\":\"WebSite\",\"@id\":\"https:\/\/www.generalcarcase.com\/#website\",\"url\":\"https:\/\/www.generalcarcase.com\/\",\"name\":\"General car case\",\"description\":\"\",\"publisher\":{\"@id\":\"https:\/\/www.generalcarcase.com\/#organization\"},\"potentialAction\":[{\"@type\":\"SearchAction\",\"target\":{\"@type\":\"EntryPoint\",\"urlTemplate\":\"https:\/\/www.generalcarcase.com\/?s={search_term_string}\"},\"query-input\":\"required name=search_term_string\"}],\"inLanguage\":\"de-DE\"},{\"@type\":\"WebPage\",\"@id\":\"https:\/\/www.generalcarcase.com\/de\/haeufig-gestellte-fragen\/#webpage\",\"url\":\"https:\/\/www.generalcarcase.com\/de\/haeufig-gestellte-fragen\/\",\"name\":\"Domande Frequenti | FAQ - General Car Case\",\"isPartOf\":{\"@id\":\"https:\/\/www.generalcarcase.com\/#website\"},\"datePublished\":\"2019-10-10T14:45:32+00:00\",\"dateModified\":\"2020-05-26T12:39:04+00:00\",\"description\":\"Domande frequenti sui pianali General Car Case, per bloccare la marce su furgoni da lavoro o nella tua automobile personale. Contattaci per informazioni\",\"breadcrumb\":{\"@id\":\"https:\/\/www.generalcarcase.com\/de\/haeufig-gestellte-fragen\/#breadcrumb\"},\"inLanguage\":\"de-DE\",\"potentialAction\":[{\"@type\":\"ReadAction\",\"target\":[\"https:\/\/www.generalcarcase.com\/de\/haeufig-gestellte-fragen\/\"]}]},{\"@type\":\"BreadcrumbList\",\"@id\":\"https:\/\/www.generalcarcase.com\/de\/haeufig-gestellte-fragen\/#breadcrumb\",\"itemListElement\":[{\"@type\":\"ListItem\",\"position\":1,\"name\":\"Home\",\"item\":\"https:\/\/www.generalcarcase.com\/de\/\"},{\"@type\":\"ListItem\",\"position\":2,\"name\":\"H\\u00e4ufig gestellte Fragen\"}]}]}<\/script>\n<!-- \/ Yoast SEO plugin. -->","yoast_head_json":{"title":"Domande Frequenti | FAQ - General Car Case","description":"Domande frequenti sui pianali General Car Case, per bloccare la marce su furgoni da lavoro o nella tua automobile personale. Contattaci per informazioni","robots":{"index":"index","follow":"follow","max-snippet":"max-snippet:-1","max-image-preview":"max-image-preview:large","max-video-preview":"max-video-preview:-1"},"canonical":"https:\/\/www.generalcarcase.com\/de\/haeufig-gestellte-fragen\/","og_locale":"de_DE","og_type":"article","og_title":"Domande Frequenti | FAQ - General Car Case","og_description":"Domande frequenti sui pianali General Car Case, per bloccare la marce su furgoni da lavoro o nella tua automobile personale. Contattaci per informazioni","og_url":"https:\/\/www.generalcarcase.com\/de\/haeufig-gestellte-fragen\/","og_site_name":"General car case","article_modified_time":"2020-05-26T12:39:04+00:00","twitter_card":"summary_large_image","twitter_misc":{"Gesch\u00e4tzte Lesezeit":"4 Minuten"},"schema":{"@context":"https:\/\/schema.org","@graph":[{"@type":"Organization","@id":"https:\/\/www.generalcarcase.com\/#organization","name":"General Car Case","url":"https:\/\/www.generalcarcase.com\/","sameAs":[],"logo":{"@type":"ImageObject","@id":"https:\/\/www.generalcarcase.com\/#logo","inLanguage":"de-DE","url":"","contentUrl":"","caption":"General Car Case"},"image":{"@id":"https:\/\/www.generalcarcase.com\/#logo"}},{"@type":"WebSite","@id":"https:\/\/www.generalcarcase.com\/#website","url":"https:\/\/www.generalcarcase.com\/","name":"General car case","description":"","publisher":{"@id":"https:\/\/www.generalcarcase.com\/#organization"},"potentialAction":[{"@type":"SearchAction","target":{"@type":"EntryPoint","urlTemplate":"https:\/\/www.generalcarcase.com\/?s={search_term_string}"},"query-input":"required name=search_term_string"}],"inLanguage":"de-DE"},{"@type":"WebPage","@id":"https:\/\/www.generalcarcase.com\/de\/haeufig-gestellte-fragen\/#webpage","url":"https:\/\/www.generalcarcase.com\/de\/haeufig-gestellte-fragen\/","name":"Domande Frequenti | FAQ - General Car Case","isPartOf":{"@id":"https:\/\/www.generalcarcase.com\/#website"},"datePublished":"2019-10-10T14:45:32+00:00","dateModified":"2020-05-26T12:39:04+00:00","description":"Domande frequenti sui pianali General Car Case, per bloccare la marce su furgoni da lavoro o nella tua automobile personale. Contattaci per informazioni","breadcrumb":{"@id":"https:\/\/www.generalcarcase.com\/de\/haeufig-gestellte-fragen\/#breadcrumb"},"inLanguage":"de-DE","potentialAction":[{"@type":"ReadAction","target":["https:\/\/www.generalcarcase.com\/de\/haeufig-gestellte-fragen\/"]}]},{"@type":"BreadcrumbList","@id":"https:\/\/www.generalcarcase.com\/de\/haeufig-gestellte-fragen\/#breadcrumb","itemListElement":[{"@type":"ListItem","position":1,"name":"Home","item":"https:\/\/www.generalcarcase.com\/de\/"},{"@type":"ListItem","position":2,"name":"H\u00e4ufig gestellte Fragen"}]}]}},"_links":{"self":[{"href":"https:\/\/www.generalcarcase.com\/de\/wp-json\/wp\/v2\/pages\/3069"}],"collection":[{"href":"https:\/\/www.generalcarcase.com\/de\/wp-json\/wp\/v2\/pages"}],"about":[{"href":"https:\/\/www.generalcarcase.com\/de\/wp-json\/wp\/v2\/types\/page"}],"author":[{"embeddable":true,"href":"https:\/\/www.generalcarcase.com\/de\/wp-json\/wp\/v2\/users\/1"}],"replies":[{"embeddable":true,"href":"https:\/\/www.generalcarcase.com\/de\/wp-json\/wp\/v2\/comments?post=3069"}],"version-history":[{"count":5,"href":"https:\/\/www.generalcarcase.com\/de\/wp-json\/wp\/v2\/pages\/3069\/revisions"}],"predecessor-version":[{"id":3141,"href":"https:\/\/www.generalcarcase.com\/de\/wp-json\/wp\/v2\/pages\/3069\/revisions\/3141"}],"wp:attachment":[{"href":"https:\/\/www.generalcarcase.com\/de\/wp-json\/wp\/v2\/media?parent=3069"}],"curies":[{"name":"wp","href":"https:\/\/api.w.org\/{rel}","templated":true}]}}