{"id":3052,"date":"2020-05-22T12:04:14","date_gmt":"2020-05-22T12:04:14","guid":{"rendered":"https:\/\/www.generalcarcase.com\/?page_id=3052"},"modified":"2020-05-26T12:36:29","modified_gmt":"2020-05-26T12:36:29","slug":"fuer-haendler","status":"publish","type":"page","link":"https:\/\/www.generalcarcase.com\/de\/fuer-haendler\/","title":{"rendered":"F\u00fcr H\u00e4ndler"},"content":{"rendered":"<div class=\"bt_bb_wrapper\"><section id=\"bt_section69fb89491251e\" data-parallax=\"0.1\" data-parallax-offset=\"0\" class=\"boldSection gutter inherit btParallax\" style=\"border-top: 50px solid #fee258;\"><div class=\"port\"><div class=\"boldCell\"><div class=\"boldCellInner\"><div class=\"boldRow \" ><div class=\"boldRowInner\"><div class=\"rowItem col-md-12 col-ms-12  btTextLeft btMiddleVertical\"  data-width=\"12\"><div class=\"rowItemContent\" ><div class=\"btClear btSeparator topSemiSpaced noBorder\" ><hr><\/div><header class=\"header btClear extralarge btDash topDash uso\" style=\"text-align:center;\"><div class=\"dash\"><h1><span class=\"headline\"><b class=\"animate\">F\u00fcr H\u00e4ndler<\/b><\/span><\/h1><\/div><\/header><\/div><\/div><\/div><\/div><\/div><\/div><\/div><\/section><section id=\"skills\"  class=\"boldSection topSemiSpaced bottomSpaced gutter inherit\" ><div class=\"port\"><div class=\"boldCell\"><div class=\"boldCellInner\"><div class=\"boldRow \" ><div class=\"boldRowInner\"><div class=\"rowItem col-md-6 col-sm-12 btTextLeft btMiddleVertical\"  data-width=\"6\"><div class=\"rowItemContent\" ><div class=\"btClear btSeparator topSemiSpaced noBorder\" ><hr><\/div><header class=\"header btClear medium\" ><div class=\"dash\"><h3><span class=\"headline\"><b class=\"animate\">Sind Sie H\u00e4ndler und m\u00f6chten die General Car Case Ablagefl\u00e4chen weiterverkaufen?<\/b><\/span><\/h3><\/div><\/header><div class=\"btClear btSeparator topSmallSpaced noBorder\" ><hr><\/div><div class=\"btText\" ><p>Senden Sie uns Ihre Anfrage per E-Mail mit Angabe Ihrer Branche und f\u00fcgen Sie Ihre Handelskammer-Registrierung bei.<\/p>\n<p>Wenn Sie dazu berechtigt sind, k\u00f6nnen Sie als Wiederverk\u00e4ufer registriert werden. Mit Angabe der von uns bereitgestellten pers\u00f6nlichen Anmeldeinformationen ist Ihnen der Zugriff auf den reservierten Bereich erlaubt und Sie haben Anspruch auf weitere Grosshandels-Rabatten.<\/p>\n<\/div><\/div><\/div><div class=\"rowItem col-md-6 col-sm-12 btTextCenter animate animate-fadein btTextIndent btHighlight inherit\"  data-width=\"6\"><div class=\"rowItemContent\" ><div class=\"btClear btSeparator topMediumSpaced noBorder\" ><hr><\/div><div class=\"bpgPhoto btImageDefaultHover\" ><div class = \"btImage\"><img src=\"https:\/\/www.generalcarcase.com\/wp-content\/uploads\/2019\/10\/kit-base.png\" alt=\"\" ><\/div><\/div><\/div><\/div><\/div><\/div><\/div><\/div><\/div><\/section><section id=\"bt_section69fb894912c8d\"  class=\"boldSection topSemiSpaced bottomSpaced gutter inherit\" style=\"background-color:#fcd83f;\"><div class=\"port\"><div class=\"boldCell\"><div class=\"boldCellInner\"><div class=\"boldRow \" ><div class=\"boldRowInner\"><div class=\"rowItem col-md-3 col-sm-6 col-ms-12 btTextCenter inherit\"  data-width=\"3\"><div class=\"rowItemContent\" ><\/div><\/div><div class=\"rowItem col-md-6 col-sm-12 btTextCenter inherit\"  data-width=\"6\"><div class=\"rowItemContent\" ><header class=\"header btClear large\" ><div class=\"dash\"><h2><span class=\"headline\"><b class=\"animate\">Sie sind H\u00e4ndler und m\u00f6chten die Challenger- Ablagefl\u00e4chen weiterverkaufen?<\/b><\/span><\/h2><\/div><\/header><div class=\"btClear btSeparator bottomSemiSpaced noBorder\" ><hr><\/div><\/div><\/div><div class=\"rowItem col-md-3 col-sm-6 col-ms-12 btTextLeft\"  data-width=\"3\"><div class=\"rowItemContent\" ><\/div><\/div><\/div><\/div><div class=\"boldRow \" ><div class=\"boldRowInner\"><div class=\"rowItem col-md-12 col-ms-12  btTextLeft inherit\"  data-width=\"12\"><div class=\"rowItemContent\" ><div class=\"btText\" ><div role=\"form\" class=\"wpcf7\" id=\"wpcf7-f3137-o1\" lang=\"en-US\" dir=\"ltr\">\n<div class=\"screen-reader-response\"><p role=\"status\" aria-live=\"polite\" aria-atomic=\"true\"><\/p> <ul><\/ul><\/div>\n<form action=\"\/de\/wp-json\/wp\/v2\/pages\/3052#wpcf7-f3137-o1\" method=\"post\" class=\"wpcf7-form init\" novalidate=\"novalidate\" data-status=\"init\">\n<div style=\"display: none;\">\n<input type=\"hidden\" name=\"_wpcf7\" value=\"3137\" \/>\n<input type=\"hidden\" name=\"_wpcf7_version\" value=\"5.4.2\" \/>\n<input type=\"hidden\" name=\"_wpcf7_locale\" value=\"en_US\" \/>\n<input type=\"hidden\" name=\"_wpcf7_unit_tag\" value=\"wpcf7-f3137-o1\" \/>\n<input type=\"hidden\" name=\"_wpcf7_container_post\" value=\"0\" \/>\n<input type=\"hidden\" name=\"_wpcf7_posted_data_hash\" value=\"\" \/>\n<input type=\"hidden\" name=\"_wpcf7_recaptcha_response\" value=\"\" \/>\n<\/div>\n<div class=\"form-md\" style=\"display:inline-block; width:49%; vertical-align: top; padding-right: 60px;\">\n<p>Vorname*<br \/>\n    <span class=\"wpcf7-form-control-wrap your-name\"><input type=\"text\" name=\"your-name\" value=\"\" size=\"40\" class=\"wpcf7-form-control wpcf7-text wpcf7-validates-as-required\" aria-required=\"true\" aria-invalid=\"false\" \/><\/span> <\/p>\n<p>E-mail*<br \/>\n    <span class=\"wpcf7-form-control-wrap your-email\"><input type=\"email\" name=\"your-email\" value=\"\" size=\"40\" class=\"wpcf7-form-control wpcf7-text wpcf7-email wpcf7-validates-as-required wpcf7-validates-as-email\" aria-required=\"true\" aria-invalid=\"false\" \/><\/span> <\/p>\n<p>Objekt<br \/>\n    <span class=\"wpcf7-form-control-wrap your-subject\"><input type=\"text\" name=\"your-subject\" value=\"\" size=\"40\" class=\"wpcf7-form-control wpcf7-text\" aria-invalid=\"false\" \/><\/span> <\/p>\n<\/div>\n<div class=\"form-md\" style=\"display:inline-block; width:49%; vertical-align: top;\">\n<p>Botschaft<br \/>\n    <span class=\"wpcf7-form-control-wrap your-message\"><textarea name=\"your-message\" cols=\"40\" rows=\"10\" class=\"wpcf7-form-control wpcf7-textarea\" aria-invalid=\"false\"><\/textarea><\/span> <\/p>\n<\/div>\n<div class=\"form-md\" style=\"display:inline-block; width:100%; vertical-align: top;\">\n<span class=\"wpcf7-form-control-wrap acceptance-240\"><span class=\"wpcf7-form-control wpcf7-acceptance\"><span class=\"wpcf7-list-item\"><input type=\"checkbox\" name=\"acceptance-240\" value=\"1\" aria-invalid=\"false\" \/><\/span><\/span><\/span> After reviewing the <a href=\"https:\/\/www.generalcarcase.com\/en\/privacy-policy\/\" target=\"_blank\" style=\"color: #000;\">privacy policy<\/a> I consent to the processing of data.<\/p>\n<p><input type=\"submit\" value=\"Senden\" class=\"wpcf7-form-control wpcf7-submit\" \/><\/p>\n<\/div>\n<div class=\"wpcf7-response-output\" aria-hidden=\"true\"><\/div><\/form><\/div><\/div><\/div><\/div><\/div><\/div><\/div><\/div><\/div><\/section><\/div>","protected":false},"excerpt":{"rendered":"","protected":false},"author":1,"featured_media":0,"parent":0,"menu_order":0,"comment_status":"closed","ping_status":"closed","template":"","meta":[],"yoast_head":"<!-- This site is optimized with the Yoast SEO plugin v17.1 - https:\/\/yoast.com\/wordpress\/plugins\/seo\/ -->\n<title>F\u00fcr H\u00e4ndler - General car case<\/title>\n<meta name=\"robots\" content=\"index, follow, max-snippet:-1, max-image-preview:large, max-video-preview:-1\" \/>\n<link rel=\"canonical\" href=\"https:\/\/www.generalcarcase.com\/de\/fuer-haendler\/\" \/>\n<meta property=\"og:locale\" content=\"de_DE\" \/>\n<meta property=\"og:type\" content=\"article\" \/>\n<meta property=\"og:title\" content=\"F\u00fcr H\u00e4ndler - General car case\" \/>\n<meta property=\"og:url\" content=\"https:\/\/www.generalcarcase.com\/de\/fuer-haendler\/\" \/>\n<meta property=\"og:site_name\" content=\"General car case\" \/>\n<meta property=\"article:modified_time\" content=\"2020-05-26T12:36:29+00:00\" \/>\n<meta name=\"twitter:card\" content=\"summary_large_image\" \/>\n<meta name=\"twitter:label1\" content=\"Gesch\u00e4tzte Lesezeit\" \/>\n\t<meta name=\"twitter:data1\" content=\"3 Minuten\" \/>\n<script type=\"application\/ld+json\" class=\"yoast-schema-graph\">{\"@context\":\"https:\/\/schema.org\",\"@graph\":[{\"@type\":\"Organization\",\"@id\":\"https:\/\/www.generalcarcase.com\/#organization\",\"name\":\"General Car Case\",\"url\":\"https:\/\/www.generalcarcase.com\/\",\"sameAs\":[],\"logo\":{\"@type\":\"ImageObject\",\"@id\":\"https:\/\/www.generalcarcase.com\/#logo\",\"inLanguage\":\"de-DE\",\"url\":\"\",\"contentUrl\":\"\",\"caption\":\"General Car Case\"},\"image\":{\"@id\":\"https:\/\/www.generalcarcase.com\/#logo\"}},{\"@type\":\"WebSite\",\"@id\":\"https:\/\/www.generalcarcase.com\/#website\",\"url\":\"https:\/\/www.generalcarcase.com\/\",\"name\":\"General car case\",\"description\":\"\",\"publisher\":{\"@id\":\"https:\/\/www.generalcarcase.com\/#organization\"},\"potentialAction\":[{\"@type\":\"SearchAction\",\"target\":{\"@type\":\"EntryPoint\",\"urlTemplate\":\"https:\/\/www.generalcarcase.com\/?s={search_term_string}\"},\"query-input\":\"required name=search_term_string\"}],\"inLanguage\":\"de-DE\"},{\"@type\":\"WebPage\",\"@id\":\"https:\/\/www.generalcarcase.com\/de\/fuer-haendler\/#webpage\",\"url\":\"https:\/\/www.generalcarcase.com\/de\/fuer-haendler\/\",\"name\":\"F\\u00fcr H\\u00e4ndler - General car case\",\"isPartOf\":{\"@id\":\"https:\/\/www.generalcarcase.com\/#website\"},\"datePublished\":\"2020-05-22T12:04:14+00:00\",\"dateModified\":\"2020-05-26T12:36:29+00:00\",\"breadcrumb\":{\"@id\":\"https:\/\/www.generalcarcase.com\/de\/fuer-haendler\/#breadcrumb\"},\"inLanguage\":\"de-DE\",\"potentialAction\":[{\"@type\":\"ReadAction\",\"target\":[\"https:\/\/www.generalcarcase.com\/de\/fuer-haendler\/\"]}]},{\"@type\":\"BreadcrumbList\",\"@id\":\"https:\/\/www.generalcarcase.com\/de\/fuer-haendler\/#breadcrumb\",\"itemListElement\":[{\"@type\":\"ListItem\",\"position\":1,\"name\":\"Home\",\"item\":\"https:\/\/www.generalcarcase.com\/de\/\"},{\"@type\":\"ListItem\",\"position\":2,\"name\":\"F\\u00fcr H\\u00e4ndler\"}]}]}<\/script>\n<!-- \/ Yoast SEO plugin. -->","yoast_head_json":{"title":"F\u00fcr H\u00e4ndler - General car case","robots":{"index":"index","follow":"follow","max-snippet":"max-snippet:-1","max-image-preview":"max-image-preview:large","max-video-preview":"max-video-preview:-1"},"canonical":"https:\/\/www.generalcarcase.com\/de\/fuer-haendler\/","og_locale":"de_DE","og_type":"article","og_title":"F\u00fcr H\u00e4ndler - General car case","og_url":"https:\/\/www.generalcarcase.com\/de\/fuer-haendler\/","og_site_name":"General car case","article_modified_time":"2020-05-26T12:36:29+00:00","twitter_card":"summary_large_image","twitter_misc":{"Gesch\u00e4tzte Lesezeit":"3 Minuten"},"schema":{"@context":"https:\/\/schema.org","@graph":[{"@type":"Organization","@id":"https:\/\/www.generalcarcase.com\/#organization","name":"General Car Case","url":"https:\/\/www.generalcarcase.com\/","sameAs":[],"logo":{"@type":"ImageObject","@id":"https:\/\/www.generalcarcase.com\/#logo","inLanguage":"de-DE","url":"","contentUrl":"","caption":"General Car Case"},"image":{"@id":"https:\/\/www.generalcarcase.com\/#logo"}},{"@type":"WebSite","@id":"https:\/\/www.generalcarcase.com\/#website","url":"https:\/\/www.generalcarcase.com\/","name":"General car case","description":"","publisher":{"@id":"https:\/\/www.generalcarcase.com\/#organization"},"potentialAction":[{"@type":"SearchAction","target":{"@type":"EntryPoint","urlTemplate":"https:\/\/www.generalcarcase.com\/?s={search_term_string}"},"query-input":"required name=search_term_string"}],"inLanguage":"de-DE"},{"@type":"WebPage","@id":"https:\/\/www.generalcarcase.com\/de\/fuer-haendler\/#webpage","url":"https:\/\/www.generalcarcase.com\/de\/fuer-haendler\/","name":"F\u00fcr H\u00e4ndler - General car case","isPartOf":{"@id":"https:\/\/www.generalcarcase.com\/#website"},"datePublished":"2020-05-22T12:04:14+00:00","dateModified":"2020-05-26T12:36:29+00:00","breadcrumb":{"@id":"https:\/\/www.generalcarcase.com\/de\/fuer-haendler\/#breadcrumb"},"inLanguage":"de-DE","potentialAction":[{"@type":"ReadAction","target":["https:\/\/www.generalcarcase.com\/de\/fuer-haendler\/"]}]},{"@type":"BreadcrumbList","@id":"https:\/\/www.generalcarcase.com\/de\/fuer-haendler\/#breadcrumb","itemListElement":[{"@type":"ListItem","position":1,"name":"Home","item":"https:\/\/www.generalcarcase.com\/de\/"},{"@type":"ListItem","position":2,"name":"F\u00fcr H\u00e4ndler"}]}]}},"_links":{"self":[{"href":"https:\/\/www.generalcarcase.com\/de\/wp-json\/wp\/v2\/pages\/3052"}],"collection":[{"href":"https:\/\/www.generalcarcase.com\/de\/wp-json\/wp\/v2\/pages"}],"about":[{"href":"https:\/\/www.generalcarcase.com\/de\/wp-json\/wp\/v2\/types\/page"}],"author":[{"embeddable":true,"href":"https:\/\/www.generalcarcase.com\/de\/wp-json\/wp\/v2\/users\/1"}],"replies":[{"embeddable":true,"href":"https:\/\/www.generalcarcase.com\/de\/wp-json\/wp\/v2\/comments?post=3052"}],"version-history":[{"count":4,"href":"https:\/\/www.generalcarcase.com\/de\/wp-json\/wp\/v2\/pages\/3052\/revisions"}],"predecessor-version":[{"id":3139,"href":"https:\/\/www.generalcarcase.com\/de\/wp-json\/wp\/v2\/pages\/3052\/revisions\/3139"}],"wp:attachment":[{"href":"https:\/\/www.generalcarcase.com\/de\/wp-json\/wp\/v2\/media?parent=3052"}],"curies":[{"name":"wp","href":"https:\/\/api.w.org\/{rel}","templated":true}]}}